{"id":1299,"date":"2025-09-09T12:29:42","date_gmt":"2025-09-09T12:29:42","guid":{"rendered":"https:\/\/vita-box.si\/?page_id=1299"},"modified":"2025-09-09T12:33:31","modified_gmt":"2025-09-09T12:33:31","slug":"stize-uskoro","status":"publish","type":"page","link":"https:\/\/vita-box.si\/hr\/stize-uskoro\/","title":{"rendered":"Sti\u017ee uskoro"},"content":{"rendered":"<div data-elementor-type=\"wp-page\" data-elementor-id=\"1299\" class=\"elementor elementor-1299\" data-elementor-post-type=\"page\">\n\t\t\t\t<div class=\"elementor-element elementor-element-cf7e323 e-flex e-con-boxed e-con e-parent\" data-id=\"cf7e323\" data-element_type=\"container\" data-e-type=\"container\">\n\t\t\t\t\t<div class=\"e-con-inner\">\n\t\t<div class=\"elementor-element elementor-element-2acc4c5 e-con-full e-flex elementor-invisible e-con e-child\" data-id=\"2acc4c5\" data-element_type=\"container\" data-e-type=\"container\" data-settings=\"{&quot;animation&quot;:&quot;fadeInLeft&quot;,&quot;animation_mobile&quot;:&quot;none&quot;}\">\n\t\t\t\t<div class=\"elementor-element elementor-element-78d8699 gradient-title elementor-widget elementor-widget-heading\" data-id=\"78d8699\" data-element_type=\"widget\" data-e-type=\"widget\" data-widget_type=\"heading.default\">\n\t\t\t\t<div class=\"elementor-widget-container\">\n\t\t\t\t\t<h2 class=\"elementor-heading-title elementor-size-default\">Sti\u017ee uskoro<\/h2>\t\t\t\t<\/div>\n\t\t\t\t<\/div>\n\t\t\t\t<div class=\"elementor-element elementor-element-e5a68de elementor-widget elementor-widget-text-editor\" data-id=\"e5a68de\" data-element_type=\"widget\" data-e-type=\"widget\" data-widget_type=\"text-editor.default\">\n\t\t\t\t<div class=\"elementor-widget-container\">\n\t\t\t\t\t\t\t\t\t<p data-start=\"215\" data-end=\"342\">Na\u0161e novo rje\u0161enje trenuta\u010dno je u fazi pripreme. Uskoro \u0107e biti dostupno svima koji \u017eele poslovati <strong>jednostavnije, preglednije i sigurno.<\/strong><\/p>\t\t\t\t\t\t\t\t<\/div>\n\t\t\t\t<\/div>\n\t\t\t\t<\/div>\n\t\t<div class=\"elementor-element elementor-element-1aad6bf e-con-full elementor-hidden-tablet elementor-hidden-mobile e-flex elementor-invisible e-con e-child\" data-id=\"1aad6bf\" data-element_type=\"container\" data-e-type=\"container\" data-settings=\"{&quot;animation&quot;:&quot;fadeInRight&quot;}\">\n\t\t\t\t<div class=\"elementor-element elementor-element-ef2ee00 elementor-widget elementor-widget-image\" data-id=\"ef2ee00\" data-element_type=\"widget\" data-e-type=\"widget\" data-widget_type=\"image.default\">\n\t\t\t\t<div class=\"elementor-widget-container\">\n\t\t\t\t\t\t\t\t\t\t\t\t\t\t\t<img fetchpriority=\"high\" decoding=\"async\" width=\"1024\" height=\"1536\" src=\"https:\/\/vita-box.si\/wp-content\/uploads\/2025\/09\/Robotina.png\" class=\"attachment-full size-full wp-image-1164\" alt=\"\" srcset=\"https:\/\/vita-box.si\/wp-content\/uploads\/2025\/09\/Robotina.png 1024w, https:\/\/vita-box.si\/wp-content\/uploads\/2025\/09\/Robotina-200x300.png 200w\" sizes=\"(max-width: 1024px) 100vw, 1024px\" \/>\t\t\t\t\t\t\t\t\t\t\t\t\t\t\t<\/div>\n\t\t\t\t<\/div>\n\t\t\t\t<\/div>\n\t\t\t\t\t<\/div>\n\t\t\t\t<\/div>\n\t\t\t\t<\/div>","protected":false},"excerpt":{"rendered":"<p>Prihaja kmalu Na\u0161a nova re\u0161itev je trenutno v fazi priprave. Kmalu bo na voljo vsem, ki \u017eelite poslovati enostavneje, pregledneje in varno<\/p>","protected":false},"author":1,"featured_media":0,"parent":0,"menu_order":0,"comment_status":"closed","ping_status":"closed","template":"elementor_header_footer","meta":{"content-type":"","footnotes":""},"class_list":["post-1299","page","type-page","status-publish","hentry"],"_links":{"self":[{"href":"https:\/\/vita-box.si\/hr\/wp-json\/wp\/v2\/pages\/1299","targetHints":{"allow":["GET"]}}],"collection":[{"href":"https:\/\/vita-box.si\/hr\/wp-json\/wp\/v2\/pages"}],"about":[{"href":"https:\/\/vita-box.si\/hr\/wp-json\/wp\/v2\/types\/page"}],"author":[{"embeddable":true,"href":"https:\/\/vita-box.si\/hr\/wp-json\/wp\/v2\/users\/1"}],"replies":[{"embeddable":true,"href":"https:\/\/vita-box.si\/hr\/wp-json\/wp\/v2\/comments?post=1299"}],"version-history":[{"count":4,"href":"https:\/\/vita-box.si\/hr\/wp-json\/wp\/v2\/pages\/1299\/revisions"}],"predecessor-version":[{"id":1303,"href":"https:\/\/vita-box.si\/hr\/wp-json\/wp\/v2\/pages\/1299\/revisions\/1303"}],"wp:attachment":[{"href":"https:\/\/vita-box.si\/hr\/wp-json\/wp\/v2\/media?parent=1299"}],"curies":[{"name":"wp","href":"https:\/\/api.w.org\/{rel}","templated":true}]}}