{"id":1317,"date":"2025-09-09T17:36:18","date_gmt":"2025-09-09T17:36:18","guid":{"rendered":"https:\/\/vita-box.si\/?page_id=1317"},"modified":"2025-10-09T21:18:15","modified_gmt":"2025-10-09T21:18:15","slug":"demo","status":"publish","type":"page","link":"https:\/\/vita-box.si\/hr\/demo\/","title":{"rendered":"Demo"},"content":{"rendered":"<div data-elementor-type=\"wp-page\" data-elementor-id=\"1317\" class=\"elementor elementor-1317\" data-elementor-post-type=\"page\">\n\t\t\t\t<div class=\"elementor-element elementor-element-cf7e323 e-flex e-con-boxed e-con e-parent\" data-id=\"cf7e323\" data-element_type=\"container\" data-e-type=\"container\">\n\t\t\t\t\t<div class=\"e-con-inner\">\n\t\t<div class=\"elementor-element elementor-element-2acc4c5 e-con-full e-flex elementor-invisible e-con e-child\" data-id=\"2acc4c5\" data-element_type=\"container\" data-e-type=\"container\" data-settings=\"{&quot;animation&quot;:&quot;fadeInLeft&quot;,&quot;animation_mobile&quot;:&quot;none&quot;}\">\n\t\t\t\t<div class=\"elementor-element elementor-element-78d8699 gradient-title elementor-widget elementor-widget-heading\" data-id=\"78d8699\" data-element_type=\"widget\" data-e-type=\"widget\" data-widget_type=\"heading.default\">\n\t\t\t\t<div class=\"elementor-widget-container\">\n\t\t\t\t\t<h2 class=\"elementor-heading-title elementor-size-default\">Preizkusite demo<\/h2>\t\t\t\t<\/div>\n\t\t\t\t<\/div>\n\t\t\t\t<\/div>\n\t\t\t\t\t<\/div>\n\t\t\t\t<\/div>\n\t\t<div class=\"elementor-element elementor-element-80e7bd8 e-flex e-con-boxed e-con e-parent\" data-id=\"80e7bd8\" data-element_type=\"container\" data-e-type=\"container\">\n\t\t\t\t\t<div class=\"e-con-inner\">\n\t\t<div class=\"elementor-element elementor-element-1396a1b e-con-full e-flex e-con e-child\" data-id=\"1396a1b\" data-element_type=\"container\" data-e-type=\"container\" data-settings=\"{&quot;background_background&quot;:&quot;classic&quot;}\">\n\t\t\t\t<div class=\"elementor-element elementor-element-f3f1bee elementor-widget__width-initial elementor-widget elementor-widget-heading\" data-id=\"f3f1bee\" data-element_type=\"widget\" data-e-type=\"widget\" data-widget_type=\"heading.default\">\n\t\t\t\t<div class=\"elementor-widget-container\">\n\t\t\t\t\t<p class=\"elementor-heading-title elementor-size-default\">Pridobite mo\u010d, nadzor in prilagodljivost za uspe\u0161no vodenje svojega podjetja<\/p>\t\t\t\t<\/div>\n\t\t\t\t<\/div>\n\t\t\t\t<div class=\"elementor-element elementor-element-6af525a elementor-widget elementor-widget-text-editor\" data-id=\"6af525a\" data-element_type=\"widget\" data-e-type=\"widget\" data-widget_type=\"text-editor.default\">\n\t\t\t\t<div class=\"elementor-widget-container\">\n\t\t\t\t\t\t\t\t\t<article class=\"text-token-text-primary w-full focus:outline-none scroll-mt-[calc(var(--header-height)+min(200px,max(70px,20svh)))]\" dir=\"auto\" tabindex=\"-1\" data-turn-id=\"request-WEB:4ebd9338-0a46-4b4b-9bea-74050a88e1ff-54\" data-testid=\"conversation-turn-36\" data-scroll-anchor=\"true\" data-turn=\"assistant\"><div class=\"text-base my-auto mx-auto pb-10 [--thread-content-margin:--spacing(4)] thread-sm:[--thread-content-margin:--spacing(6)] thread-lg:[--thread-content-margin:--spacing(16)] px-(--thread-content-margin)\"><div class=\"[--thread-content-max-width:40rem] thread-lg:[--thread-content-max-width:48rem] mx-auto max-w-(--thread-content-max-width) flex-1 group\/turn-messages focus-visible:outline-hidden relative flex w-full min-w-0 flex-col agent-turn\" tabindex=\"-1\"><div class=\"flex max-w-full flex-col grow\"><div class=\"min-h-8 text-message relative flex w-full flex-col items-end gap-2 text-start break-words whitespace-normal [.text-message+&amp;]:mt-5\" dir=\"auto\" data-message-author-role=\"assistant\" data-message-id=\"9e485f8c-6ba9-4fb6-ac8c-ba9cc41ddb7a\" data-message-model-slug=\"gpt-5-instant\"><div class=\"flex w-full flex-col gap-1 empty:hidden first:pt-[1px]\"><div class=\"markdown prose dark:prose-invert w-full break-words dark markdown-new-styling\"><p data-start=\"0\" data-end=\"139\" data-is-last-node=\"\" data-is-only-node=\"\"><strong data-start=\"0\" data-end=\"139\" data-is-last-node=\"\" data-is-only-node=\"\">Pridobite 30-dnevni testni BREZPLA\u010cNI dostop <\/strong>\u2013 odklenite vse funkcionalnosti Vita-boxa in spoznajte, kako lahko olaj\u0161a va\u0161e poslovanje.<\/p><\/div><\/div><\/div><\/div><\/div><\/div><\/article>\t\t\t\t\t\t\t\t<\/div>\n\t\t\t\t<\/div>\n\t\t<div class=\"elementor-element elementor-element-fde93cd e-con-full e-flex e-con e-child\" data-id=\"fde93cd\" data-element_type=\"container\" data-e-type=\"container\">\n\t\t<div class=\"elementor-element elementor-element-f04830d e-con-full e-flex e-con e-child\" data-id=\"f04830d\" data-element_type=\"container\" data-e-type=\"container\">\n\t\t\t\t<div class=\"elementor-element elementor-element-a928325 elementor-widget elementor-widget-html\" data-id=\"a928325\" data-element_type=\"widget\" data-e-type=\"widget\" data-widget_type=\"html.default\">\n\t\t\t\t<div class=\"elementor-widget-container\">\n\t\t\t\t\t<div class=\"form-embed\">\r\n  <iframe \r\n    src=\"https:\/\/share-eu1.hsforms.com\/2vHSE3P-NTfChvIyWmy-bUwg22ll\" \r\n    frameborder=\"0\" \r\n    scrolling=\"no\">\r\n  <\/iframe>\r\n<\/div>\r\n\r\n<style>\r\n.form-embed {\r\n  overflow: hidden;\r\n  border-radius: 16px;\r\n  background: transparent;\r\n  display: flex;\r\n  justify-content: center;\r\n  align-items: flex-start;\r\n  width: 100%;\r\n  max-width: 100%;\r\n}\r\n\r\n\/* Centered and properly scaled *\/\r\n.form-embed iframe {\r\n  border: 0;\r\n  background: transparent;\r\n  overflow: hidden !important;\r\n  scrollbar-width: none !important;\r\n  width: 112%;\r\n  height: 1150px;\r\n  transform: scale(1.12);\r\n  transform-origin: top center;\r\n  filter: brightness(1.22) contrast(1.15) saturate(0.95);\r\n  margin-top: -20px;\r\n  margin-left: -6%;\r\n  transition: all 0.3s ease;\r\n}\r\n\r\n.form-embed iframe::-webkit-scrollbar {\r\n  display: none !important;\r\n}\r\n\r\n\/* Tablet *\/\r\n@media (max-width: 991px) {\r\n  .form-embed iframe {\r\n    width: 110%;\r\n    transform: scale(1.1);\r\n    margin-left: -5%;\r\n    margin-top: -15px;\r\n  }\r\n}\r\n\r\n\/* Mobile *\/\r\n@media (max-width: 768px) {\r\n  .form-embed iframe {\r\n    width: 110%;\r\n    transform: scale(1.10);\r\n    margin-left: 0%!important;\r\n    margin-top: -12px;\r\n    height: 1200px;\r\n  }\r\n}\r\n\r\n\/* Small phones *\/\r\n@media (max-width: 480px) {\r\n  .form-embed iframe {\r\n    width: 110%;\r\n    transform: scale(1.10);\r\n    margin-left: -10%;\r\n    margin-top: -8px;\r\n    height: 1280px;\r\n  }\r\n}\r\n<\/style>\r\n\t\t\t\t<\/div>\n\t\t\t\t<\/div>\n\t\t\t\t<\/div>\n\t\t<div class=\"elementor-element elementor-element-67f2d74 e-con-full e-flex e-con e-child\" data-id=\"67f2d74\" data-element_type=\"container\" data-e-type=\"container\" data-settings=\"{&quot;background_background&quot;:&quot;classic&quot;}\">\n\t\t\t\t<div class=\"elementor-element elementor-element-ba334a3 elementor-widget elementor-widget-html\" data-id=\"ba334a3\" data-element_type=\"widget\" data-e-type=\"widget\" data-widget_type=\"html.default\">\n\t\t\t\t<div class=\"elementor-widget-container\">\n\t\t\t\t\t<aside class=\"card benefits\">\r\n  <h3>Kaj dobite?<\/h3>\r\n  <ul>\r\n    <li><span class=\"check\">\u2713<\/span> <strong>Polni dostop<\/strong> \u2013 30 dni od prevzema demo verzije<\/li>\r\n    <li><span class=\"check\">\u2713<\/span> <strong>30-minutna Zoom predstavitev<\/strong> klju\u010dnih funkcionalnosti<\/li>\r\n    <li><span class=\"check\">\u2713<\/span> Prilagodite aplikacijo <strong>svojim potrebam<\/strong><\/li>\r\n    <li><span class=\"check\">\u2713<\/span> Ustvarite in upravljajte svojo <strong>bazo kontaktov<\/strong><\/li>\r\n    <li><span class=\"check\">\u2713<\/span> U\u010dinkovito upravljajte in spremljajte <strong>naloge<\/strong><\/li>\r\n    <li><span class=\"check\">\u2713<\/span> Pridobite ve\u010d povpra\u0161evanj z integracijo <strong>spletne strani<\/strong><\/li>\r\n    <li><span class=\"check\">\u2713<\/span> Berite in po\u0161iljajte <strong>e-po\u0161to<\/strong> iz aplikacije<\/li>\r\n    <li><span class=\"check\">\u2713<\/span> Oblikujte in prilagodite <strong>PDF dokumente<\/strong>: ponudbe, ra\u010dune, delovne naloge \u2026<\/li>\r\n  <\/ul>\r\n\r\n  <div class=\"hr\"><\/div>\r\n  <h3>V 30-dnevnem brezpla\u010dnem preizkusu odklenete vse funkcionalnosti:<\/h3>\r\n  <ul>\r\n    <li><span class=\"check\">\u2713<\/span> Avtomatizirani izdani ra\u010duni in ponudbe<\/li>\r\n    <li><span class=\"check\">\u2713<\/span> Projektno vodenje<\/li>\r\n    <li><span class=\"check\">\u2713<\/span> Upravljanje servisnih in delovnih nalogov<\/li>\r\n    <li><span class=\"check\">\u2713<\/span> Spremljanje stro\u0161kov, bud\u017eeta in potnih nalogov<\/li>\r\n    <li><span class=\"check\">\u2713<\/span> Vodenje zalog<\/li>\r\n    <li><span class=\"check\">\u2713<\/span> Integracija z ERP-jem, ra\u010dunovodstvom in spletno trgovino<\/li>\r\n    <li><span class=\"check\">\u2713<\/span> Nadzor nad pogodbami in aneksi<\/li>\r\n    <li><span class=\"check\">\u2713<\/span> Kadrovanje \u2013 upravljanje \u010dlove\u0161kih virov (HRM)<\/li>\r\n    <li><span class=\"check\">\u2713<\/span> Popi\u0161ite in uredite svoj <strong>arhiv<\/strong><\/li>\r\n  <\/ul>\r\n\r\n  <div class=\"hr\"><\/div>\r\n  <h3>In \u0161e mnogo ve\u010d \u2026<\/h3>\r\n  <p class=\"muted\">\r\n    Po 30-dnevnem preizkusu in nakupu <strong>letne uporabnine Vita-boxa<\/strong> se odklene \u0161e vrsta naprednih funkcionalnosti in re\u0161itev, ki nastajajo mese\u010dno kot odgovor na va\u0161a vpra\u0161anja in potrebe.\r\n  <\/p>\r\n  <p class=\"muted\">\r\n    \ud83d\udd1c V pripravi: <strong>e-podpisovanje, e-ra\u010duni, poslovni obrazci in preglednice<\/strong>, s katerimi bo va\u0161e poslovanje la\u017eje, hitrej\u0161e in preglednej\u0161e.\r\n  <\/p>\r\n<\/aside>\r\n\r\n<style>\r\n.card.benefits {\r\n  border-radius: 18px;\r\n  padding: 24px 22px;\r\n  line-height: 1.5;\r\n}\r\n\r\n.card.benefits h3 {\r\n  margin: 0 0 14px;\r\n  font-size: 1.1rem;\r\n  color: #111827;\r\n}\r\n\r\n.card.benefits ul {\r\n  list-style: none;\r\n  padding: 0;\r\n  margin: 0 0 18px;\r\n}\r\n\r\n.card.benefits li {\r\n  display: block;\r\n  position: relative;\r\n  padding-left: 34px;\r\n  margin-bottom: 12px;\r\n  text-align: left;\r\n  word-break: normal;\r\n  white-space: normal;\r\n}\r\n\r\n.card.benefits .check {\r\n  position: absolute;\r\n  left: 0;\r\n  top: 2px;\r\n  width: 22px;\r\n  height: 22px;\r\n  border-radius: 50%;\r\n  background: #10b981;\r\n  color: #fff;\r\n  display: flex;\r\n  align-items: center;\r\n  justify-content: center;\r\n  font-weight: bold;\r\n  font-size: 14px;\r\n  box-shadow: 0 4px 10px rgba(16,185,129,0.4);\r\n}\r\n\r\n.card.benefits .hr {\r\n  height: 1px;\r\n  background: #e5e7eb;\r\n  margin: 16px 0;\r\n}\r\n\r\n.card.benefits .muted {\r\n  font-size: 14px;\r\n  color: #4b5563;\r\n  line-height: 1.6;\r\n}\r\n\r\n\/* Mobile optimization *\/\r\n@media (max-width: 768px) {\r\n  .card.benefits {\r\n    padding: 18px 16px;\r\n  }\r\n  .card.benefits li {\r\n    padding-left: 32px;\r\n    margin-bottom: 10px;\r\n  }\r\n}\r\n<\/style>\r\n\t\t\t\t<\/div>\n\t\t\t\t<\/div>\n\t\t\t\t<\/div>\n\t\t\t\t<\/div>\n\t\t\t\t<\/div>\n\t\t\t\t\t<\/div>\n\t\t\t\t<\/div>\n\t\t\t\t<\/div>","protected":false},"excerpt":{"rendered":"<p>Preizkusite demo Pridobite mo\u010d, nadzor in prilagodljivost za uspe\u0161no vodenje svojega podjetja Pridobite 30-dnevni testni BREZPLA\u010cNI dostop \u2013 odklenite vse funkcionalnosti Vita-boxa in spoznajte, kako lahko olaj\u0161a va\u0161e poslovanje. Kaj dobite? \u2713 Polni dostop \u2013 30 dni od prevzema demo verzije \u2713 30-minutna Zoom predstavitev klju\u010dnih funkcionalnosti \u2713 Prilagodite aplikacijo svojim potrebam \u2713 Ustvarite in [&hellip;]<\/p>","protected":false},"author":1,"featured_media":0,"parent":0,"menu_order":0,"comment_status":"closed","ping_status":"closed","template":"elementor_header_footer","meta":{"content-type":"","footnotes":""},"class_list":["post-1317","page","type-page","status-publish","hentry"],"_links":{"self":[{"href":"https:\/\/vita-box.si\/hr\/wp-json\/wp\/v2\/pages\/1317","targetHints":{"allow":["GET"]}}],"collection":[{"href":"https:\/\/vita-box.si\/hr\/wp-json\/wp\/v2\/pages"}],"about":[{"href":"https:\/\/vita-box.si\/hr\/wp-json\/wp\/v2\/types\/page"}],"author":[{"embeddable":true,"href":"https:\/\/vita-box.si\/hr\/wp-json\/wp\/v2\/users\/1"}],"replies":[{"embeddable":true,"href":"https:\/\/vita-box.si\/hr\/wp-json\/wp\/v2\/comments?post=1317"}],"version-history":[{"count":142,"href":"https:\/\/vita-box.si\/hr\/wp-json\/wp\/v2\/pages\/1317\/revisions"}],"predecessor-version":[{"id":1529,"href":"https:\/\/vita-box.si\/hr\/wp-json\/wp\/v2\/pages\/1317\/revisions\/1529"}],"wp:attachment":[{"href":"https:\/\/vita-box.si\/hr\/wp-json\/wp\/v2\/media?parent=1317"}],"curies":[{"name":"wp","href":"https:\/\/api.w.org\/{rel}","templated":true}]}}