{"id":1723,"date":"2026-04-16T11:20:44","date_gmt":"2026-04-16T11:20:44","guid":{"rendered":"https:\/\/vita-box.si\/?page_id=1723"},"modified":"2026-04-16T11:26:02","modified_gmt":"2026-04-16T11:26:02","slug":"pravno-obvestilo-podatki-ponudnika","status":"publish","type":"page","link":"https:\/\/vita-box.si\/hr\/pravno-obvestilo-podatki-ponudnika\/","title":{"rendered":"Pravno obvestilo \/ Podatki ponudnika"},"content":{"rendered":"<div data-elementor-type=\"wp-page\" data-elementor-id=\"1723\" class=\"elementor elementor-1723\" data-elementor-post-type=\"page\">\n\t\t\t\t<div class=\"elementor-element elementor-element-4ea86a4 e-flex e-con-boxed e-con e-parent\" data-id=\"4ea86a4\" data-element_type=\"container\" data-e-type=\"container\">\n\t\t\t\t\t<div class=\"e-con-inner\">\n\t\t\t\t<div class=\"elementor-element elementor-element-5a7dc6e elementor-widget elementor-widget-heading\" data-id=\"5a7dc6e\" data-element_type=\"widget\" data-e-type=\"widget\" data-widget_type=\"heading.default\">\n\t\t\t\t<div class=\"elementor-widget-container\">\n\t\t\t\t\t<h2 class=\"elementor-heading-title elementor-size-default\">Pravno obvestilo \/ Podatki ponudnika<\/h2>\t\t\t\t<\/div>\n\t\t\t\t<\/div>\n\t\t\t\t<div class=\"elementor-element elementor-element-fdf7fe2 elementor-widget elementor-widget-text-editor\" data-id=\"fdf7fe2\" data-element_type=\"widget\" data-e-type=\"widget\" data-widget_type=\"text-editor.default\">\n\t\t\t\t<div class=\"elementor-widget-container\">\n\t\t\t\t\t\t\t\t\t<div data-id=\"487c74bd\" data-element_type=\"widget\" data-e-type=\"widget\" data-widget_type=\"text-editor.default\">\n<article>\n<p data-start=\"184\" data-end=\"267\"><strong data-start=\"184\" data-end=\"220\">Upravljavec in ponudnik storitev<\/strong> na spletnem mestu <strong data-start=\"239\" data-end=\"263\"><a class=\"decorated-link\" href=\"https:\/\/vita-box.si\/hr\/?utm_source=chatgpt.com\" target=\"_new\" rel=\"noopener\" data-start=\"241\" data-end=\"261\">https:\/\/vita-box.si\/<\/a><\/strong> je:<\/p>\n<p data-start=\"269\" data-end=\"656\"><strong data-start=\"269\" data-end=\"323\">Medarhiv, hramba gradiva d.o.o., socialno podjetje<\/strong><br data-start=\"323\" data-end=\"326\"><strong data-start=\"326\" data-end=\"346\">Skraj\u0161ani naziv:<\/strong> Medarhiv d.o.o., so.p.<br data-start=\"369\" data-end=\"372\"><strong data-start=\"372\" data-end=\"382\">Sede\u017e:<\/strong> Vre\u010derjeva ulica 14, 3310 \u017dalec, Slovenija<br data-start=\"425\" data-end=\"428\"><strong data-start=\"428\" data-end=\"449\">Mati\u010dna \u0161tevilka:<\/strong> 3955338000<br data-start=\"460\" data-end=\"463\"><strong data-start=\"463\" data-end=\"483\">Dav\u010dna \u0161tevilka:<\/strong> SI98579452<br data-start=\"494\" data-end=\"497\"><strong data-start=\"497\" data-end=\"525\">Dav\u010dni zavezanec za DDV:<\/strong> DA<br data-start=\"528\" data-end=\"531\"><strong data-start=\"531\" data-end=\"552\">Registrski organ:<\/strong> Okro\u017eno sodi\u0161\u010de v Celju<br data-start=\"576\" data-end=\"579\"><strong data-start=\"579\" data-end=\"606\">Datum vpisa v register:<\/strong> 13. 4. 2011<br data-start=\"618\" data-end=\"621\"><strong data-start=\"621\" data-end=\"641\">Osnovni kapital:<\/strong> 7.500,00 EUR<\/p>\n<p data-start=\"658\" data-end=\"765\"><strong data-start=\"658\" data-end=\"670\">Kontakt:<\/strong><br data-start=\"670\" data-end=\"673\"><strong data-start=\"673\" data-end=\"685\">E-po\u0161ta:<\/strong> <a class=\"decorated-link cursor-pointer\" rel=\"noopener\" data-start=\"686\" data-end=\"702\">info@vita-box.si<\/a><br data-start=\"702\" data-end=\"705\"><strong data-start=\"705\" data-end=\"717\">Telefon:<\/strong> 080 48 45<br data-start=\"727\" data-end=\"730\"><strong data-start=\"730\" data-end=\"742\">Telefon:<\/strong> +386 (0) 41 33 15 34<\/p>\n<p data-start=\"767\" data-end=\"808\"><strong data-start=\"767\" data-end=\"785\">Spletno mesto:<\/strong><br data-start=\"785\" data-end=\"788\"><a class=\"decorated-link\" href=\"https:\/\/vita-box.si\/hr\/?utm_source=chatgpt.com\" target=\"_new\" rel=\"noopener\" data-start=\"788\" data-end=\"808\">https:\/\/vita-box.si\/<\/a><\/p>\n<p data-start=\"810\" data-end=\"1040\"><strong data-start=\"810\" data-end=\"835\">Namen spletnega mesta<\/strong><br data-start=\"835\" data-end=\"838\">Spletno mesto <strong data-start=\"852\" data-end=\"867\">vita-box.si<\/strong> je namenjeno <strong data-start=\"881\" data-end=\"914\">predstavitvi re\u0161itve Vita Box<\/strong>, <strong data-start=\"916\" data-end=\"939\">oddaji povpra\u0161evanj<\/strong>, <strong data-start=\"941\" data-end=\"969\">rezervaciji predstavitve<\/strong>, <strong data-start=\"971\" data-end=\"998\">oddaji interesa za demo<\/strong> ter <strong data-start=\"1003\" data-end=\"1039\">vzpostavitvi poslovnega kontakta<\/strong>.<\/p>\n<p data-start=\"1042\" data-end=\"1334\"><strong data-start=\"1042\" data-end=\"1067\">Omejitev odgovornosti<\/strong><br data-start=\"1067\" data-end=\"1070\">Ponudnik si prizadeva zagotavljati <strong data-start=\"1105\" data-end=\"1143\">to\u010dne, jasne in a\u017eurne informacije<\/strong>, vendar ne jam\u010di, da so vse vsebine ves \u010das <strong data-start=\"1188\" data-end=\"1199\">popolne<\/strong>, <strong data-start=\"1201\" data-end=\"1215\">brez napak<\/strong> ali <strong data-start=\"1220\" data-end=\"1245\">brez \u010dasovnega zamika<\/strong>. Objavljene vsebine so <strong data-start=\"1269\" data-end=\"1292\">informativne narave<\/strong>, razen kadar je izrecno dolo\u010deno druga\u010de.<\/p>\n<p data-start=\"1336\" data-end=\"1752\"><strong data-start=\"1336\" data-end=\"1362\">Intelektualna lastnina<\/strong><br data-start=\"1362\" data-end=\"1365\">Vsa <strong data-start=\"1369\" data-end=\"1463\">besedila, grafi\u010dni elementi, fotografije, logotipi, dokumenti, prikazi, programske re\u0161itve<\/strong> in druge vsebine na tem spletnem mestu so za\u0161\u010diteni z <strong data-start=\"1518\" data-end=\"1542\">avtorskimi pravicami<\/strong> in drugimi pravicami <strong data-start=\"1564\" data-end=\"1590\">intelektualne lastnine<\/strong>. Brez predhodnega pisnega soglasja ponudnika jih ni dovoljeno <strong data-start=\"1653\" data-end=\"1710\">kopirati, razmno\u017eevati, javno objavljati, predelovati<\/strong> ali <strong data-start=\"1715\" data-end=\"1751\">uporabljati v komercialne namene<\/strong>.<\/p>\n<p data-start=\"1754\" data-end=\"1975\"><strong data-start=\"1754\" data-end=\"1774\">Zunanje povezave<\/strong><br data-start=\"1774\" data-end=\"1777\">Spletno mesto lahko vsebuje povezave do spletnih mest tretjih oseb. Ponudnik ne odgovarja za <strong data-start=\"1870\" data-end=\"1919\">vsebino, pravilnost, razpolo\u017eljivost, varnost<\/strong> ali <strong data-start=\"1924\" data-end=\"1947\">politiko zasebnosti<\/strong> teh zunanjih spletnih mest.<\/p>\n<p data-start=\"1977\" data-end=\"2111\"><strong data-start=\"1977\" data-end=\"1995\">Veljavno pravo<\/strong><br data-start=\"1995\" data-end=\"1998\">Za uporabo tega spletnega mesta in za razlago tega pravnega obvestila se uporablja <strong data-start=\"2081\" data-end=\"2110\">pravo Republike Slovenije<\/strong>.<\/p>\n<p data-start=\"2113\" data-end=\"2158\"><strong data-start=\"2113\" data-end=\"2142\">Datum zadnje posodobitve:<\/strong> <strong data-start=\"2143\" data-end=\"2158\">10. 4. 2026<\/strong><\/p>\n<\/article>\n<\/div>\t\t\t\t\t\t\t\t<\/div>\n\t\t\t\t<\/div>\n\t\t\t\t\t<\/div>\n\t\t\t\t<\/div>\n\t\t\t\t<\/div>","protected":false},"excerpt":{"rendered":"<p>Pravno obvestilo \/ Podatki ponudnika Upravljavec in ponudnik storitev na spletnem mestu https:\/\/vita-box.si\/ je: Medarhiv, hramba gradiva d.o.o., socialno podjetjeSkraj\u0161ani naziv: Medarhiv d.o.o., so.p.Sede\u017e: Vre\u010derjeva ulica 14, 3310 \u017dalec, SlovenijaMati\u010dna \u0161tevilka: 3955338000Dav\u010dna \u0161tevilka: SI98579452Dav\u010dni zavezanec za DDV: DARegistrski organ: Okro\u017eno sodi\u0161\u010de v CeljuDatum vpisa v register: 13. 4. 2011Osnovni kapital: 7.500,00 EUR Kontakt:E-po\u0161ta: info@vita-box.siTelefon: 080 [&hellip;]<\/p>","protected":false},"author":1,"featured_media":0,"parent":0,"menu_order":0,"comment_status":"closed","ping_status":"closed","template":"","meta":{"content-type":"","footnotes":""},"class_list":["post-1723","page","type-page","status-publish","hentry"],"_links":{"self":[{"href":"https:\/\/vita-box.si\/hr\/wp-json\/wp\/v2\/pages\/1723","targetHints":{"allow":["GET"]}}],"collection":[{"href":"https:\/\/vita-box.si\/hr\/wp-json\/wp\/v2\/pages"}],"about":[{"href":"https:\/\/vita-box.si\/hr\/wp-json\/wp\/v2\/types\/page"}],"author":[{"embeddable":true,"href":"https:\/\/vita-box.si\/hr\/wp-json\/wp\/v2\/users\/1"}],"replies":[{"embeddable":true,"href":"https:\/\/vita-box.si\/hr\/wp-json\/wp\/v2\/comments?post=1723"}],"version-history":[{"count":13,"href":"https:\/\/vita-box.si\/hr\/wp-json\/wp\/v2\/pages\/1723\/revisions"}],"predecessor-version":[{"id":1738,"href":"https:\/\/vita-box.si\/hr\/wp-json\/wp\/v2\/pages\/1723\/revisions\/1738"}],"wp:attachment":[{"href":"https:\/\/vita-box.si\/hr\/wp-json\/wp\/v2\/media?parent=1723"}],"curies":[{"name":"wp","href":"https:\/\/api.w.org\/{rel}","templated":true}]}}