{"id":1747,"date":"2026-04-16T11:43:23","date_gmt":"2026-04-16T11:43:23","guid":{"rendered":"https:\/\/vita-box.si\/?page_id=1747"},"modified":"2026-04-16T14:50:37","modified_gmt":"2026-04-16T14:50:37","slug":"politika-piskotkov","status":"publish","type":"page","link":"https:\/\/vita-box.si\/hr\/politika-piskotkov\/","title":{"rendered":"Politika pi\u0161kotkov"},"content":{"rendered":"<div data-elementor-type=\"wp-page\" data-elementor-id=\"1747\" class=\"elementor elementor-1747\" data-elementor-post-type=\"page\">\n\t\t\t\t<div class=\"elementor-element elementor-element-02ab209 e-flex e-con-boxed e-con e-parent\" data-id=\"02ab209\" data-element_type=\"container\" data-e-type=\"container\">\n\t\t\t\t\t<div class=\"e-con-inner\">\n\t\t\t\t<div class=\"elementor-element elementor-element-dd22cb8 elementor-widget elementor-widget-heading\" data-id=\"dd22cb8\" data-element_type=\"widget\" data-e-type=\"widget\" data-widget_type=\"heading.default\">\n\t\t\t\t<div class=\"elementor-widget-container\">\n\t\t\t\t\t<h2 class=\"elementor-heading-title elementor-size-default\">Politika pi\u0161kotkov<\/h2>\t\t\t\t<\/div>\n\t\t\t\t<\/div>\n\t\t\t\t<div class=\"elementor-element elementor-element-2167fee elementor-widget elementor-widget-text-editor\" data-id=\"2167fee\" data-element_type=\"widget\" data-e-type=\"widget\" data-widget_type=\"text-editor.default\">\n\t\t\t\t<div class=\"elementor-widget-container\">\n\t\t\t\t\t\t\t\t\t<h2 data-section-id=\"fl9qh8\" data-start=\"1465\" data-end=\"1490\"><span role=\"text\"><strong data-start=\"1468\" data-end=\"1490\">1. Kaj so pi\u0161kotki<\/strong><\/span><\/h2><p data-start=\"1492\" data-end=\"1874\">Pi\u0161kotki so majhne besedilne datoteke, ki se ob obisku spletnega mesta shranijo na uporabnikovo napravo. Uporabljajo se za zagotavljanje delovanja spletnega mesta, za prijavo v administrativni del, za tehni\u010dno delovanje strani ter, kadar je to omogo\u010deno in zakonito, tudi za merjenje u\u010dinkovitosti ogla\u0161evanja in drugih marketin\u0161kih aktivnosti.<\/p><h2 data-section-id=\"fvu44u\" data-start=\"1876\" data-end=\"1897\"><span role=\"text\"><strong data-start=\"1879\" data-end=\"1897\">2. Upravljavec<\/strong><\/span><\/h2><p data-start=\"1899\" data-end=\"1930\">Upravljavec spletnega mesta je:<\/p><p data-start=\"1932\" data-end=\"2183\"><strong data-start=\"1932\" data-end=\"1986\">Medarhiv, hramba gradiva d.o.o., socialno podjetje<\/strong><br data-start=\"1986\" data-end=\"1989\" \/><strong data-start=\"1989\" data-end=\"2009\">Skraj\u0161ani naziv:<\/strong> Medarhiv d.o.o., so.p.<br data-start=\"2032\" data-end=\"2035\" \/><strong data-start=\"2035\" data-end=\"2045\">Sede\u017e:<\/strong> Vre\u010derjeva ulica 14, 3310 \u017dalec, Slovenija<br data-start=\"2088\" data-end=\"2091\" \/><strong data-start=\"2091\" data-end=\"2103\">E-po\u0161ta:<\/strong> <a class=\"decorated-link cursor-pointer\" rel=\"noopener\" data-start=\"2104\" data-end=\"2120\">info@vita-box.si<\/a><br data-start=\"2120\" data-end=\"2123\" \/><strong data-start=\"2123\" data-end=\"2135\">Telefon:<\/strong> 080 48 45<br data-start=\"2145\" data-end=\"2148\" \/><strong data-start=\"2148\" data-end=\"2160\">Telefon:<\/strong> +386 (0) 41 33 15 34<\/p><h2 data-section-id=\"1wwnkjw\" data-start=\"2185\" data-end=\"2222\"><span role=\"text\"><strong data-start=\"2188\" data-end=\"2222\">3. Katere pi\u0161kotke uporabljamo<\/strong><\/span><\/h2><p data-start=\"2224\" data-end=\"2254\">Na spletnem mestu uporabljamo:<\/p><p data-start=\"2256\" data-end=\"2700\"><strong data-start=\"2256\" data-end=\"2296\">1. Nujne tehni\u010dne pi\u0161kotke WordPress<\/strong><br data-start=\"2296\" data-end=\"2299\" \/>Ti pi\u0161kotki so potrebni za delovanje prijave, administrativnega dela in osnovnih tehni\u010dnih funkcionalnosti spletnega mesta. Za njihova uporaba privolitev ni potrebna. WordPress uradno dokumentira, da za prijavo in administracijo uporablja pi\u0161kotke <code data-start=\"2547\" data-end=\"2565\">wordpress_[hash]<\/code>, <code data-start=\"2567\" data-end=\"2595\">wordpress_logged_in_[hash]<\/code>, <code data-start=\"2597\" data-end=\"2623\">wp-settings-{time}-[UID]<\/code>, <code data-start=\"2625\" data-end=\"2648\">wordpress_test_cookie<\/code> i <code data-start=\"2652\" data-end=\"2661\">wp_lang<\/code>.<\/p><p data-start=\"2702\" data-end=\"3233\"><strong data-start=\"2702\" data-end=\"2740\">2. Marketin\u0161ke pi\u0161kotke Meta Pixel<\/strong><br data-start=\"2740\" data-end=\"2743\" \/>Ker je na spletnem mestu name\u0161\u010den <strong data-start=\"2777\" data-end=\"2808\">Facebook oziroma Meta Pixel<\/strong>, lahko Meta ob obisku strani nastavi pi\u0161kotke oziroma podobne identifikatorje za <strong data-start=\"2890\" data-end=\"2940\">ogla\u0161evanje, priporo\u010dila, vpoglede in merjenje<\/strong>. Meta izrecno navaja, da se cookies uporabljajo tudi na drugih spletnih mestih, ki uporabljajo njihove produkte. Za cookie <strong data-start=\"3064\" data-end=\"3072\"><code data-start=\"3066\" data-end=\"3070\">fr<\/code><\/strong> Meta izrecno navaja, da se uporablja za <strong data-start=\"3113\" data-end=\"3171\">dostavo, merjenje in izbolj\u0161anje relevantnosti oglasov<\/strong> in da traja <strong data-start=\"3184\" data-end=\"3194\">90 dni<\/strong>.<\/p><h2 data-section-id=\"9owe7f\" data-start=\"3235\" data-end=\"3261\"><span role=\"text\"><strong data-start=\"3238\" data-end=\"3261\">4. Seznam pi\u0161kotkov<\/strong><\/span><\/h2><p data-start=\"3263\" data-end=\"3468\"><strong data-start=\"3263\" data-end=\"3276\">Pi\u0161kotek:<\/strong> <code data-start=\"3277\" data-end=\"3300\">wordpress_test_cookie<\/code><br data-start=\"3300\" data-end=\"3303\" \/><strong data-start=\"3303\" data-end=\"3316\">Ponudnik:<\/strong> vita-box.si<br data-start=\"3328\" data-end=\"3331\" \/><strong data-start=\"3331\" data-end=\"3341\">Namen:<\/strong> preveri, ali brskalnik omogo\u010da uporabo pi\u0161kotkov<br data-start=\"3390\" data-end=\"3393\" \/><strong data-start=\"3393\" data-end=\"3406\">Trajanje:<\/strong> seja<br data-start=\"3411\" data-end=\"3414\" \/><strong data-start=\"3414\" data-end=\"3424\">Vrsta:<\/strong> nujni<\/p><p data-start=\"3470\" data-end=\"3658\"><strong data-start=\"3470\" data-end=\"3483\">Pi\u0161kotek:<\/strong> <code data-start=\"3484\" data-end=\"3493\">wp_lang<\/code><br data-start=\"3493\" data-end=\"3496\" \/><strong data-start=\"3496\" data-end=\"3509\">Ponudnik:<\/strong> vita-box.si<br data-start=\"3521\" data-end=\"3524\" \/><strong data-start=\"3524\" data-end=\"3534\">Namen:<\/strong> shrani jezikovno izbiro pri WordPress prijavi<br data-start=\"3580\" data-end=\"3583\" \/><strong data-start=\"3583\" data-end=\"3596\">Trajanje:<\/strong> seja<br data-start=\"3601\" data-end=\"3604\" \/><strong data-start=\"3604\" data-end=\"3614\">Vrsta:<\/strong> nujni<\/p><p data-start=\"3660\" data-end=\"3953\"><strong data-start=\"3660\" data-end=\"3673\">Pi\u0161kotek:<\/strong> <code data-start=\"3674\" data-end=\"3692\">wordpress_[hash]<\/code><br data-start=\"3692\" data-end=\"3695\" \/><strong data-start=\"3695\" data-end=\"3708\">Ponudnik:<\/strong> vita-box.si<br data-start=\"3720\" data-end=\"3723\" \/><strong data-start=\"3723\" data-end=\"3733\">Namen:<\/strong> hrani podatke o avtentikaciji prijavljenega uporabnika za dostop do administrativnega dela spletnega mesta<br data-start=\"3840\" data-end=\"3843\" \/><strong data-start=\"3843\" data-end=\"3856\">Trajanje:<\/strong> odvisno od nastavitev WordPress prijave<br data-start=\"3896\" data-end=\"3899\" \/><strong data-start=\"3899\" data-end=\"3909\">Vrsta:<\/strong> nujni<\/p><p data-start=\"3955\" data-end=\"4253\"><strong data-start=\"3955\" data-end=\"3968\">Pi\u0161kotek:<\/strong> <code data-start=\"3969\" data-end=\"3997\">wordpress_logged_in_[hash]<\/code><br data-start=\"3997\" data-end=\"4000\" \/><strong data-start=\"4000\" data-end=\"4013\">Ponudnik:<\/strong> vita-box.si<br data-start=\"4025\" data-end=\"4028\" \/><strong data-start=\"4028\" data-end=\"4038\">Namen:<\/strong> ozna\u010duje, da je uporabnik prijavljen, in omogo\u010da uporabo prijavljenih funkcionalnosti spletnega mesta<br data-start=\"4140\" data-end=\"4143\" \/><strong data-start=\"4143\" data-end=\"4156\">Trajanje:<\/strong> odvisno od nastavitev WordPress prijave<br data-start=\"4196\" data-end=\"4199\" \/><strong data-start=\"4199\" data-end=\"4209\">Vrsta:<\/strong> nujni<\/p><p data-start=\"4255\" data-end=\"4523\"><strong data-start=\"4255\" data-end=\"4268\">Pi\u0161kotek:<\/strong> <code data-start=\"4269\" data-end=\"4295\">wp-settings-{time}-[UID]<\/code><br data-start=\"4295\" data-end=\"4298\" \/><strong data-start=\"4298\" data-end=\"4311\">Ponudnik:<\/strong> vita-box.si<br data-start=\"4323\" data-end=\"4326\" \/><strong data-start=\"4326\" data-end=\"4336\">Namen:<\/strong> shrani uporabni\u0161ke nastavitve prikaza administrativnega vmesnika WordPress<br data-start=\"4411\" data-end=\"4414\" \/><strong data-start=\"4414\" data-end=\"4427\">Trajanje:<\/strong> odvisno od nastavitev WordPress okolja<br data-start=\"4466\" data-end=\"4469\" \/><strong data-start=\"4469\" data-end=\"4479\">Vrsta:<\/strong> nujni<\/p><p data-start=\"4525\" data-end=\"4730\"><strong data-start=\"4525\" data-end=\"4538\">Pi\u0161kotek:<\/strong> <code data-start=\"4539\" data-end=\"4543\">fr<\/code><br data-start=\"4543\" data-end=\"4546\" \/><strong data-start=\"4546\" data-end=\"4559\">Ponudnik:<\/strong> Meta Platforms<br data-start=\"4574\" data-end=\"4577\" \/><strong data-start=\"4577\" data-end=\"4587\">Namen:<\/strong> dostava, merjenje in izbolj\u0161anje relevantnosti oglasov<br data-start=\"4642\" data-end=\"4645\" \/><strong data-start=\"4645\" data-end=\"4658\">Trajanje:<\/strong> 90 dni<br data-start=\"4665\" data-end=\"4668\" \/><strong data-start=\"4668\" data-end=\"4678\">Vrsta:<\/strong> marketin\u0161ki<\/p><h2 data-section-id=\"zrfb3t\" data-start=\"4732\" data-end=\"4749\"><span role=\"text\"><strong data-start=\"4735\" data-end=\"4749\">5. HubSpot<\/strong><\/span><\/h2><p data-start=\"4751\" data-end=\"5214\"><strong data-start=\"4751\" data-end=\"4894\">Samo dejstvo, da se e-po\u0161tni naslovi ali povpra\u0161evanja shranjujejo v HubSpot, \u0161e ne pomeni, da HubSpot na strani nastavlja visitor cookies.<\/strong> HubSpot visitor cookies pridejo v po\u0161tev, \u010de je spletno mesto hostano pri HubSpotu ali \u010de je name\u0161\u010dena <strong data-start=\"4998\" data-end=\"5023\">HubSpot tracking code<\/strong>. Zato HubSpot pri va\u0161em trenutno opisanem stanju sodi predvsem v <strong data-start=\"5089\" data-end=\"5112\">Politiko zasebnosti<\/strong> kot sistem za obdelavo povpra\u0161evanj in upravljanje kontaktov.<\/p><h2 data-section-id=\"oyusaf\" data-start=\"5216\" data-end=\"5240\"><span role=\"text\"><strong data-start=\"5219\" data-end=\"5240\">6. Pravna podlaga<\/strong><\/span><\/h2><p data-start=\"5242\" data-end=\"5380\"><strong data-start=\"5242\" data-end=\"5260\">Nujni pi\u0161kotki<\/strong> se uporabljajo zato, ker so potrebni za delovanje spletnega mesta in funkcionalnosti, ki jih uporabnik izrecno zahteva.<\/p><p data-start=\"5382\" data-end=\"5740\"><strong data-start=\"5382\" data-end=\"5417\">Marketin\u0161ki pi\u0161kotki Meta Pixel<\/strong> se smejo uporabljati samo na podlagi <strong data-start=\"5455\" data-end=\"5490\">predhodne privolitve uporabnika<\/strong>, kadar je taka privolitev zahtevana po veljavni zakonodaji. HubSpot tudi izrecno navaja, da \u010de je Facebook pixel name\u0161\u010den ro\u010dno v kodo strani, njihov cookie banner sam ne nadzoruje, kaj lahko Facebook nastavi.<\/p><h2 data-section-id=\"r79wzk\" data-start=\"5742\" data-end=\"5773\"><span role=\"text\"><strong data-start=\"5745\" data-end=\"5773\">7. Upravljanje pi\u0161kotkov<\/strong><\/span><\/h2><p data-start=\"5775\" data-end=\"6153\">Uporabnik lahko svojo odlo\u010ditev glede nenujnih pi\u0161kotkov poda ali spremeni preko orodja za upravljanje pi\u0161kotkov, \u010de je to omogo\u010deno na spletnem mestu. Pi\u0161kotke je mogo\u010de upravljati tudi v nastavitvah brskalnika. Onemogo\u010danje nujnih pi\u0161kotkov lahko vpliva na pravilno delovanje prijave in drugih tehni\u010dnih funkcionalnosti spletnega mesta.<\/p><h2 data-section-id=\"d43x1y\" data-start=\"6155\" data-end=\"6193\"><span role=\"text\"><strong data-start=\"6158\" data-end=\"6193\">8. Spremembe politike pi\u0161kotkov<\/strong><\/span><\/h2><p data-start=\"6195\" data-end=\"6344\">Upravljavec si pridr\u017euje pravico, da to politiko pi\u0161kotkov kadarkoli spremeni ali dopolni. Veljavna je zadnja objavljena razli\u010dica na spletnem mestu.<\/p><p data-start=\"6346\" data-end=\"6391\"><strong data-start=\"6346\" data-end=\"6375\">Datum zadnje posodobitve:<\/strong> <strong data-start=\"6376\" data-end=\"6391\">10. 4. 2026<\/strong><\/p>\t\t\t\t\t\t\t\t<\/div>\n\t\t\t\t<\/div>\n\t\t\t\t\t<\/div>\n\t\t\t\t<\/div>\n\t\t\t\t<\/div>","protected":false},"excerpt":{"rendered":"<p>Politika pi\u0161kotkov 1. Kaj so pi\u0161kotki Pi\u0161kotki so majhne besedilne datoteke, ki se ob obisku spletnega mesta shranijo na uporabnikovo napravo. Uporabljajo se za zagotavljanje delovanja spletnega mesta, za prijavo v administrativni del, za tehni\u010dno delovanje strani ter, kadar je to omogo\u010deno in zakonito, tudi za merjenje u\u010dinkovitosti ogla\u0161evanja in drugih marketin\u0161kih aktivnosti. 2. Upravljavec [&hellip;]<\/p>","protected":false},"author":1,"featured_media":0,"parent":0,"menu_order":0,"comment_status":"closed","ping_status":"closed","template":"","meta":{"content-type":"","footnotes":""},"class_list":["post-1747","page","type-page","status-publish","hentry"],"_links":{"self":[{"href":"https:\/\/vita-box.si\/hr\/wp-json\/wp\/v2\/pages\/1747","targetHints":{"allow":["GET"]}}],"collection":[{"href":"https:\/\/vita-box.si\/hr\/wp-json\/wp\/v2\/pages"}],"about":[{"href":"https:\/\/vita-box.si\/hr\/wp-json\/wp\/v2\/types\/page"}],"author":[{"embeddable":true,"href":"https:\/\/vita-box.si\/hr\/wp-json\/wp\/v2\/users\/1"}],"replies":[{"embeddable":true,"href":"https:\/\/vita-box.si\/hr\/wp-json\/wp\/v2\/comments?post=1747"}],"version-history":[{"count":13,"href":"https:\/\/vita-box.si\/hr\/wp-json\/wp\/v2\/pages\/1747\/revisions"}],"predecessor-version":[{"id":1770,"href":"https:\/\/vita-box.si\/hr\/wp-json\/wp\/v2\/pages\/1747\/revisions\/1770"}],"wp:attachment":[{"href":"https:\/\/vita-box.si\/hr\/wp-json\/wp\/v2\/media?parent=1747"}],"curies":[{"name":"wp","href":"https:\/\/api.w.org\/{rel}","templated":true}]}}